{"id":1464,"date":"2019-02-22T11:09:32","date_gmt":"2019-02-22T10:09:32","guid":{"rendered":"http:\/\/p503576.mittwaldserver.info\/?page_id=1464"},"modified":"2019-02-22T11:09:36","modified_gmt":"2019-02-22T10:09:36","slug":"personal-vita","status":"publish","type":"page","link":"https:\/\/christianjuergens.de\/en\/personal-vita\/","title":{"rendered":"Personal &#038; vita"},"content":{"rendered":"<p>[et_pb_section fb_built=&#8221;1&#8243; admin_label=&#8221;section&#8221; _builder_version=&#8221;3.0.47&#8243;][et_pb_row admin_label=&#8221;row&#8221; _builder_version=&#8221;3.0.48&#8243; background_size=&#8221;initial&#8221; background_position=&#8221;top_left&#8221; background_repeat=&#8221;repeat&#8221;][et_pb_column type=&#8221;1_4&#8243; _builder_version=&#8221;3.0.47&#8243;][\/et_pb_column][et_pb_column type=&#8221;1_2&#8243; _builder_version=&#8221;3.0.47&#8243;][et_pb_text admin_label=&#8221;Text&#8221; _builder_version=&#8221;3.19.15&#8243; background_size=&#8221;initial&#8221; background_position=&#8221;top_left&#8221; background_repeat=&#8221;repeat&#8221;]<\/p>\n<h2 class=\"span_1 col\">Personal<\/h2>\n<div class=\"span_14 col\">\n<p class=\"iquestion\"><em><strong>What does chef Christian J\u00fcrgens stand for?<\/strong><\/em><\/p>\n<p>&#8220;My guests are looking for new experiences. They&#8217;re looking for something special. That is their elementary need when they visit us. We must never forget that. They have extremely high expectations for which they pay a decent price. Anything other than the extraordinary would be a disappointment. So my team and I will work with all our skills to amaze our guests again and again. That&#8217;s the promise we make to them.&#8221;<\/p>\n<p><strong><em>How would you characterize your style? What is important to you?<\/em><\/strong><\/p>\n<p>&#8220;To cultivate maximum quality and maximum taste and a permanent element of surprise, that is my concern. This must be expressed in every single one of my dishes, as well as in the composition of my menus.&#8221;<\/p>\n<p><strong><em>Do you have such a thing as a philosophical approach? If so, what is it?<\/em><\/strong><\/p>\n<p>&#8220;That&#8217;s the ying and yang of life. It&#8217;s always a question of perspective. It&#8217;s a question of which side you&#8217;re on. For example, you can describe football as useless &#8220;running around&#8221; after a ball or as a playing field for top performances, joy and passion. Similarly, food is just a basic human need for some, but for me it is a personal expression of perfection, enjoyment and aesthetics&#8221;.<\/p>\n<p><strong><em>Cooking is art, cooking is hard work!<\/em><\/strong><br \/><strong><em>How do you bring these contrary perspectives together?<\/em><\/strong><\/p>\n<p>&#8220;To be able to cook at a top international level and to develop cooking into an art form, you naturally need a certain amount of talent. But first and foremost, you need the dedication and discipline to get the most out of that little bit of talent you&#8217;ve been given. And that&#8217;s hard work. Those who don\u2019t give it 100% will not be successful in the long run. That is why my motto is &#8220;quality is never coincidence&#8221;. It is always the result of high goals, sincere efforts, an intelligent approach and skilful execution&#8221;.<\/p>\n<p><strong><em>So there are moments when cooking becomes real work for you?<\/em><\/strong><\/p>\n<p>\u201cThe question should be: Are there moments when cooking isn&#8217;t real work?\u201d<\/p>\n<p><strong><em>When are you satisfied?<\/em><\/strong><\/p>\n<p>&#8220;When guests leave my restaurant and say \u2018wow, that really blew me away, I&#8217;ve never eaten like that before\u2019. Then I know I have fulfilled my mission.&#8221;<\/p>\n<p><strong><em>Do you still have professional dreams and goals?<\/em><\/strong><\/p>\n<p>&#8220;The third star is the main goal for many. For me, it&#8217;s more like the shot of a starting gun. I would like to lead the world of gastronomy to new paths and generate interest again for the next generation. I\u2019m an advocate of performance-related pay, better working hours, opportunities to participate in &#8220;normal&#8221; social life and still be able to work at the highest level.&#8221;<\/p>\n<h2>Vita<\/h2>\n<p><strong>COMPANIONS AND TRAILBLAZERS<\/strong><\/p>\n<p>Born on 6 November 1968 in Unna, Germany<\/p>\n<\/div>\n<div class=\"span_14 col\">\u00a0<\/div>\n<div class=\"span_14 col\"><strong>1984\u00a0<\/strong>Start of cooking apprenticeship in Bad Homburg, Germany<\/div>\n<div class=\"span_14 col\">\n<div class=\"wrapperCol\">\n<div class=\"leftCol\"><strong>1988<\/strong> Feinkost K\u00e4fer, Munich, Germany<\/div>\n<\/div>\n<div class=\"wrapperCol\">\n<div class=\"leftCol\"><strong>1990<\/strong> Tantris, Heinz Winkler, Munich, Germany<\/div>\n<\/div>\n<div class=\"wrapperCol\">\n<div class=\"leftCol\"><strong>1991<\/strong> Residence Heinz Winkler, Heinz Winkler, Aschau, Germany<\/div>\n<\/div>\n<div class=\"wrapperCol\">\n<div class=\"leftCol\"><strong>1992<\/strong> J\u00f6rg M\u00fcller, J\u00f6rg M\u00fcller, Sylt, Germany<\/div>\n<\/div>\n<div class=\"wrapperCol\">\n<div class=\"leftCol\"><strong>1993<\/strong> Aubergine, Eckart Witzigmann, Munich, Germany<\/div>\n<\/div>\n<div class=\"wrapperCol\">\n<div class=\"leftCol\"><strong>1994<\/strong> Residence Heinz Winkler, Heinz Winkler, Aschau, Germany<\/div>\n<\/div>\n<div class=\"wrapperCol\">\n<div class=\"leftCol\"><strong>1997<\/strong> Am Marstall, Munich, Germany \u2013 gastronomic management of the restaurant<\/div>\n<\/div>\n<div class=\"wrapperCol\">\n<div class=\"leftCol\"><strong>2001<\/strong> Kastell im Hotel Burg Wernberg, Wernberg-K\u00f6blitz \u2013 culinary management of all gastronomic outlets<\/div>\n<\/div>\n<div class=\"wrapperCol\">\n<div class=\"leftCol\"><strong>2008-today\u00a0<\/strong>\u00dcberfahrt am Tegernsee, Seehotel \u00dcberfahrt, Rottach-Egern \u2013 gastronomic management and management of the restaurant<\/div>\n<\/div>\n<\/div>\n<p>[\/et_pb_text][\/et_pb_column][et_pb_column type=&#8221;1_4&#8243; _builder_version=&#8221;3.0.47&#8243;][\/et_pb_column][\/et_pb_row][\/et_pb_section]<\/p>\n","protected":false},"excerpt":{"rendered":"<p>Personal What does chef Christian J\u00fcrgens stand for? &#8220;My guests are looking for new experiences. They&#8217;re looking for something special. That is their elementary need when they visit us. We must never forget that. They have extremely high expectations for which they pay a decent price. Anything other than the extraordinary would be a disappointment. [&hellip;]<\/p>\n","protected":false},"author":1,"featured_media":0,"parent":0,"menu_order":0,"comment_status":"closed","ping_status":"closed","template":"","meta":{"_et_pb_use_builder":"on","_et_pb_old_content":"","_et_gb_content_width":"","footnotes":""},"class_list":["post-1464","page","type-page","status-publish","hentry"],"yoast_head":"<!-- This site is optimized with the Yoast SEO plugin v24.8.1 - https:\/\/yoast.com\/wordpress\/plugins\/seo\/ -->\n<title>Personal &amp; vita - Christian J\u00fcrgens<\/title>\n<meta name=\"robots\" content=\"index, follow, max-snippet:-1, max-image-preview:large, max-video-preview:-1\" \/>\n<link rel=\"canonical\" href=\"https:\/\/christianjuergens.de\/en\/personal-vita\/\" \/>\n<meta property=\"og:locale\" content=\"en_US\" \/>\n<meta property=\"og:type\" content=\"article\" \/>\n<meta property=\"og:title\" content=\"Personal &amp; vita - Christian J\u00fcrgens\" \/>\n<meta property=\"og:description\" content=\"Personal What does chef Christian J\u00fcrgens stand for? &quot;My guests are looking for new experiences. They&#039;re looking for something special. That is their elementary need when they visit us. We must never forget that. They have extremely high expectations for which they pay a decent price. Anything other than the extraordinary would be a disappointment. [&hellip;]\" \/>\n<meta property=\"og:url\" content=\"https:\/\/christianjuergens.de\/en\/personal-vita\/\" \/>\n<meta property=\"og:site_name\" content=\"Christian J\u00fcrgens\" \/>\n<meta property=\"article:publisher\" content=\"https:\/\/www.facebook.com\/christianjuergens.de\" \/>\n<meta property=\"article:modified_time\" content=\"2019-02-22T10:09:36+00:00\" \/>\n<meta name=\"twitter:card\" content=\"summary_large_image\" \/>\n<meta name=\"twitter:label1\" content=\"Est. reading time\" \/>\n\t<meta name=\"twitter:data1\" content=\"3 minutes\" \/>\n<script type=\"application\/ld+json\" class=\"yoast-schema-graph\">{\"@context\":\"https:\/\/schema.org\",\"@graph\":[{\"@type\":\"WebPage\",\"@id\":\"https:\/\/christianjuergens.de\/en\/personal-vita\/\",\"url\":\"https:\/\/christianjuergens.de\/en\/personal-vita\/\",\"name\":\"Personal & vita - Christian J\u00fcrgens\",\"isPartOf\":{\"@id\":\"https:\/\/christianjuergens.de\/#website\"},\"datePublished\":\"2019-02-22T10:09:32+00:00\",\"dateModified\":\"2019-02-22T10:09:36+00:00\",\"breadcrumb\":{\"@id\":\"https:\/\/christianjuergens.de\/en\/personal-vita\/#breadcrumb\"},\"inLanguage\":\"en-US\",\"potentialAction\":[{\"@type\":\"ReadAction\",\"target\":[\"https:\/\/christianjuergens.de\/en\/personal-vita\/\"]}]},{\"@type\":\"BreadcrumbList\",\"@id\":\"https:\/\/christianjuergens.de\/en\/personal-vita\/#breadcrumb\",\"itemListElement\":[{\"@type\":\"ListItem\",\"position\":1,\"name\":\"Startseite\",\"item\":\"https:\/\/christianjuergens.de\/en\/\"},{\"@type\":\"ListItem\",\"position\":2,\"name\":\"Personal &#038; vita\"}]},{\"@type\":\"WebSite\",\"@id\":\"https:\/\/christianjuergens.de\/#website\",\"url\":\"https:\/\/christianjuergens.de\/\",\"name\":\"Christian J\u00fcrgens\",\"description\":\"Koch - Christian J\u00fcrgens\",\"publisher\":{\"@id\":\"https:\/\/christianjuergens.de\/#organization\"},\"potentialAction\":[{\"@type\":\"SearchAction\",\"target\":{\"@type\":\"EntryPoint\",\"urlTemplate\":\"https:\/\/christianjuergens.de\/?s={search_term_string}\"},\"query-input\":{\"@type\":\"PropertyValueSpecification\",\"valueRequired\":true,\"valueName\":\"search_term_string\"}}],\"inLanguage\":\"en-US\"},{\"@type\":\"Organization\",\"@id\":\"https:\/\/christianjuergens.de\/#organization\",\"name\":\"deutscher Koch\",\"url\":\"https:\/\/christianjuergens.de\/\",\"logo\":{\"@type\":\"ImageObject\",\"inLanguage\":\"en-US\",\"@id\":\"https:\/\/christianjuergens.de\/#\/schema\/logo\/image\/\",\"url\":\"https:\/\/christianjuergens.de\/wp-content\/uploads\/ChristianJuergens_Logo_Icon_Starkoch.png\",\"contentUrl\":\"https:\/\/christianjuergens.de\/wp-content\/uploads\/ChristianJuergens_Logo_Icon_Starkoch.png\",\"width\":30,\"height\":30,\"caption\":\"deutscher Koch\"},\"image\":{\"@id\":\"https:\/\/christianjuergens.de\/#\/schema\/logo\/image\/\"},\"sameAs\":[\"https:\/\/www.facebook.com\/christianjuergens.de\",\"https:\/\/www.instagram.com\/christian.juergens\/\"]}]}<\/script>\n<!-- \/ Yoast SEO plugin. -->","yoast_head_json":{"title":"Personal & vita - Christian J\u00fcrgens","robots":{"index":"index","follow":"follow","max-snippet":"max-snippet:-1","max-image-preview":"max-image-preview:large","max-video-preview":"max-video-preview:-1"},"canonical":"https:\/\/christianjuergens.de\/en\/personal-vita\/","og_locale":"en_US","og_type":"article","og_title":"Personal & vita - Christian J\u00fcrgens","og_description":"Personal What does chef Christian J\u00fcrgens stand for? \"My guests are looking for new experiences. They're looking for something special. That is their elementary need when they visit us. We must never forget that. They have extremely high expectations for which they pay a decent price. Anything other than the extraordinary would be a disappointment. [&hellip;]","og_url":"https:\/\/christianjuergens.de\/en\/personal-vita\/","og_site_name":"Christian J\u00fcrgens","article_publisher":"https:\/\/www.facebook.com\/christianjuergens.de","article_modified_time":"2019-02-22T10:09:36+00:00","twitter_card":"summary_large_image","twitter_misc":{"Est. reading time":"3 minutes"},"schema":{"@context":"https:\/\/schema.org","@graph":[{"@type":"WebPage","@id":"https:\/\/christianjuergens.de\/en\/personal-vita\/","url":"https:\/\/christianjuergens.de\/en\/personal-vita\/","name":"Personal & vita - Christian J\u00fcrgens","isPartOf":{"@id":"https:\/\/christianjuergens.de\/#website"},"datePublished":"2019-02-22T10:09:32+00:00","dateModified":"2019-02-22T10:09:36+00:00","breadcrumb":{"@id":"https:\/\/christianjuergens.de\/en\/personal-vita\/#breadcrumb"},"inLanguage":"en-US","potentialAction":[{"@type":"ReadAction","target":["https:\/\/christianjuergens.de\/en\/personal-vita\/"]}]},{"@type":"BreadcrumbList","@id":"https:\/\/christianjuergens.de\/en\/personal-vita\/#breadcrumb","itemListElement":[{"@type":"ListItem","position":1,"name":"Startseite","item":"https:\/\/christianjuergens.de\/en\/"},{"@type":"ListItem","position":2,"name":"Personal &#038; vita"}]},{"@type":"WebSite","@id":"https:\/\/christianjuergens.de\/#website","url":"https:\/\/christianjuergens.de\/","name":"Christian J\u00fcrgens","description":"Koch - Christian J\u00fcrgens","publisher":{"@id":"https:\/\/christianjuergens.de\/#organization"},"potentialAction":[{"@type":"SearchAction","target":{"@type":"EntryPoint","urlTemplate":"https:\/\/christianjuergens.de\/?s={search_term_string}"},"query-input":{"@type":"PropertyValueSpecification","valueRequired":true,"valueName":"search_term_string"}}],"inLanguage":"en-US"},{"@type":"Organization","@id":"https:\/\/christianjuergens.de\/#organization","name":"deutscher Koch","url":"https:\/\/christianjuergens.de\/","logo":{"@type":"ImageObject","inLanguage":"en-US","@id":"https:\/\/christianjuergens.de\/#\/schema\/logo\/image\/","url":"https:\/\/christianjuergens.de\/wp-content\/uploads\/ChristianJuergens_Logo_Icon_Starkoch.png","contentUrl":"https:\/\/christianjuergens.de\/wp-content\/uploads\/ChristianJuergens_Logo_Icon_Starkoch.png","width":30,"height":30,"caption":"deutscher Koch"},"image":{"@id":"https:\/\/christianjuergens.de\/#\/schema\/logo\/image\/"},"sameAs":["https:\/\/www.facebook.com\/christianjuergens.de","https:\/\/www.instagram.com\/christian.juergens\/"]}]}},"_links":{"self":[{"href":"https:\/\/christianjuergens.de\/en\/wp-json\/wp\/v2\/pages\/1464","targetHints":{"allow":["GET"]}}],"collection":[{"href":"https:\/\/christianjuergens.de\/en\/wp-json\/wp\/v2\/pages"}],"about":[{"href":"https:\/\/christianjuergens.de\/en\/wp-json\/wp\/v2\/types\/page"}],"author":[{"embeddable":true,"href":"https:\/\/christianjuergens.de\/en\/wp-json\/wp\/v2\/users\/1"}],"replies":[{"embeddable":true,"href":"https:\/\/christianjuergens.de\/en\/wp-json\/wp\/v2\/comments?post=1464"}],"version-history":[{"count":0,"href":"https:\/\/christianjuergens.de\/en\/wp-json\/wp\/v2\/pages\/1464\/revisions"}],"wp:attachment":[{"href":"https:\/\/christianjuergens.de\/en\/wp-json\/wp\/v2\/media?parent=1464"}],"curies":[{"name":"wp","href":"https:\/\/api.w.org\/{rel}","templated":true}]}}